{"id":10220,"date":"2024-03-24T19:06:10","date_gmt":"2024-03-24T23:06:10","guid":{"rendered":"https:\/\/autoazulplusca.com\/puertoordaz\/?post_type=product&#038;p=10220"},"modified":"2025-10-24T17:36:26","modified_gmt":"2025-10-24T21:36:26","slug":"sensor-posicion-ciguenal-dongfeng-van-bus-truck-gc-25375909","status":"publish","type":"product","link":"https:\/\/autoazulplusca.com\/puertoordaz\/product\/sensor-posicion-ciguenal-dongfeng-van-bus-truck-gc-25375909\/","title":{"rendered":"Sensor Posici\u00f3n Cig\u00fce\u00f1al Van\/Bus\/Truck DONGFENG"},"content":{"rendered":"<p class=\"product_title entry-title\">Sensor Posici\u00f3n Cig\u00fce\u00f1al Van\/Bus\/Truck DONGFENG<\/p>\n<p>COD D15<\/p>\n<p>COD 04292<\/p>\n<p>GC-25375909<\/p>\n","protected":false},"excerpt":{"rendered":"<p class=\"product_title entry-title\">Sensor Posici\u00f3n Cig\u00fce\u00f1al Van\/Bus\/Truck DONGFENG<\/p>\n<p>COD D15<\/p>\n<p>COD 04292<\/p>\n<p>GC-25375909<\/p>\n","protected":false},"featured_media":0,"template":"","meta":[],"product_cat":[356,443],"product_tag":[227],"class_list":{"0":"post-10220","1":"product","2":"type-product","3":"status-publish","5":"product_brand-dongfeng","6":"product_cat-carro","7":"product_cat-motor","8":"product_tag-sensor-ciguenal","10":"first","11":"instock","12":"taxable","13":"shipping-taxable","14":"purchasable","15":"product-type-simple"},"jetpack_sharing_enabled":true,"_links":{"self":[{"href":"https:\/\/autoazulplusca.com\/puertoordaz\/wp-json\/wp\/v2\/product\/10220","targetHints":{"allow":["GET"]}}],"collection":[{"href":"https:\/\/autoazulplusca.com\/puertoordaz\/wp-json\/wp\/v2\/product"}],"about":[{"href":"https:\/\/autoazulplusca.com\/puertoordaz\/wp-json\/wp\/v2\/types\/product"}],"wp:attachment":[{"href":"https:\/\/autoazulplusca.com\/puertoordaz\/wp-json\/wp\/v2\/media?parent=10220"}],"wp:term":[{"taxonomy":"product_cat","embeddable":true,"href":"https:\/\/autoazulplusca.com\/puertoordaz\/wp-json\/wp\/v2\/product_cat?post=10220"},{"taxonomy":"product_tag","embeddable":true,"href":"https:\/\/autoazulplusca.com\/puertoordaz\/wp-json\/wp\/v2\/product_tag?post=10220"}],"curies":[{"name":"wp","href":"https:\/\/api.w.org\/{rel}","templated":true}]}}