{"id":10431,"date":"2024-03-24T19:15:49","date_gmt":"2024-03-24T23:15:49","guid":{"rendered":"https:\/\/autoazulplusca.com\/puertoordaz\/?post_type=product&#038;p=10431"},"modified":"2025-10-24T17:36:11","modified_gmt":"2025-10-24T21:36:11","slug":"sensor-posicion-ciguenal-chery-orinoco-a3-s21-3611021","status":"publish","type":"product","link":"https:\/\/autoazulplusca.com\/puertoordaz\/product\/sensor-posicion-ciguenal-chery-orinoco-a3-s21-3611021\/","title":{"rendered":"Sensor Posici\u00f3n Cig\u00fce\u00f1al Chery Orinoco A3 S21-3611021 BOSCH"},"content":{"rendered":"<p>Sensor Posicion Cigue\u00f1al Chery Orinoco A3 S21-3611021<\/p>\n<p>COD: 78651<\/p>\n<p>S21-3611021<\/p>\n","protected":false},"excerpt":{"rendered":"<p>Sensor Posicion Cigue\u00f1al Chery Orinoco A3 S21-3611021 COD A70<\/p>\n","protected":false},"featured_media":0,"template":"","meta":[],"product_cat":[356],"product_tag":[271],"class_list":{"0":"post-10431","1":"product","2":"type-product","3":"status-publish","5":"product_brand-bosch","6":"product_cat-carro","7":"product_tag-sensor","9":"first","10":"outofstock","11":"taxable","12":"shipping-taxable","13":"purchasable","14":"product-type-simple"},"jetpack_sharing_enabled":true,"_links":{"self":[{"href":"https:\/\/autoazulplusca.com\/puertoordaz\/wp-json\/wp\/v2\/product\/10431","targetHints":{"allow":["GET"]}}],"collection":[{"href":"https:\/\/autoazulplusca.com\/puertoordaz\/wp-json\/wp\/v2\/product"}],"about":[{"href":"https:\/\/autoazulplusca.com\/puertoordaz\/wp-json\/wp\/v2\/types\/product"}],"wp:attachment":[{"href":"https:\/\/autoazulplusca.com\/puertoordaz\/wp-json\/wp\/v2\/media?parent=10431"}],"wp:term":[{"taxonomy":"product_cat","embeddable":true,"href":"https:\/\/autoazulplusca.com\/puertoordaz\/wp-json\/wp\/v2\/product_cat?post=10431"},{"taxonomy":"product_tag","embeddable":true,"href":"https:\/\/autoazulplusca.com\/puertoordaz\/wp-json\/wp\/v2\/product_tag?post=10431"}],"curies":[{"name":"wp","href":"https:\/\/api.w.org\/{rel}","templated":true}]}}