{"id":12595,"date":"2024-05-13T16:45:53","date_gmt":"2024-05-13T20:45:53","guid":{"rendered":"https:\/\/autoazulplusca.com\/puertoordaz\/?post_type=product&#038;p=12595"},"modified":"2025-05-24T16:30:30","modified_gmt":"2025-05-24T20:30:30","slug":"motor-150cc-de-barilla-mishozuki","status":"publish","type":"product","link":"https:\/\/autoazulplusca.com\/puertoordaz\/product\/motor-150cc-de-barilla-mishozuki\/","title":{"rendered":"Relaci\u00f3n De Transmisi\u00f3n Eje Auxiliar-Mishozuki"},"content":{"rendered":"<p>Relaci\u00f3n De Transmisi\u00f3n Eje Auxiliar-Mishozuki<\/p>\n<p>COD 12520<\/p>\n","protected":false},"excerpt":{"rendered":"<p>Relaci\u00f3n De Transmisi\u00f3n Eje Auxiliar-Mishozuki<\/p>\n<p>COD. 12520<\/p>\n","protected":false},"featured_media":12765,"template":"","meta":[],"product_cat":[361],"product_tag":[411,410],"class_list":{"0":"post-12595","1":"product","2":"type-product","3":"status-publish","4":"has-post-thumbnail","6":"product_brand-mishozuki","7":"product_cat-repuestos-moto","8":"product_tag-eje","9":"product_tag-transmision","11":"first","12":"instock","13":"taxable","14":"shipping-taxable","15":"purchasable","16":"product-type-simple"},"jetpack_sharing_enabled":true,"_links":{"self":[{"href":"https:\/\/autoazulplusca.com\/puertoordaz\/wp-json\/wp\/v2\/product\/12595","targetHints":{"allow":["GET"]}}],"collection":[{"href":"https:\/\/autoazulplusca.com\/puertoordaz\/wp-json\/wp\/v2\/product"}],"about":[{"href":"https:\/\/autoazulplusca.com\/puertoordaz\/wp-json\/wp\/v2\/types\/product"}],"wp:featuredmedia":[{"embeddable":true,"href":"https:\/\/autoazulplusca.com\/puertoordaz\/wp-json\/wp\/v2\/media\/12765"}],"wp:attachment":[{"href":"https:\/\/autoazulplusca.com\/puertoordaz\/wp-json\/wp\/v2\/media?parent=12595"}],"wp:term":[{"taxonomy":"product_cat","embeddable":true,"href":"https:\/\/autoazulplusca.com\/puertoordaz\/wp-json\/wp\/v2\/product_cat?post=12595"},{"taxonomy":"product_tag","embeddable":true,"href":"https:\/\/autoazulplusca.com\/puertoordaz\/wp-json\/wp\/v2\/product_tag?post=12595"}],"curies":[{"name":"wp","href":"https:\/\/api.w.org\/{rel}","templated":true}]}}