{"id":13493,"date":"2024-05-21T09:40:24","date_gmt":"2024-05-21T13:40:24","guid":{"rendered":"https:\/\/autoazulplusca.com\/puertoordaz\/?post_type=product&#038;p=13493"},"modified":"2025-10-24T17:34:24","modified_gmt":"2025-10-24T21:34:24","slug":"sensor-oxigeno-mitsubishi-l300-panel-2-0-full-inyeccion-mitsubishi","status":"publish","type":"product","link":"https:\/\/autoazulplusca.com\/puertoordaz\/product\/sensor-oxigeno-mitsubishi-l300-panel-2-0-full-inyeccion-mitsubishi\/","title":{"rendered":"Sensor Ox\u00edgeno MITSUBISHI L300 PANEL 2.0 Full Inyecci\u00f3n) MITSUBISHI"},"content":{"rendered":"<p>Sensor Ox\u00edgeno MITSUBISHI L300 PANEL 2.0 Full Inyecci\u00f3n) MITSUBISHI<\/p>\n<p>COD 31208<\/p>\n<p>MD312083<\/p>\n","protected":false},"excerpt":{"rendered":"<p>Sensor Ox\u00edgeno MITSUBISHI L300 PANEL 2.0 Full Inyecci\u00f3n) MITSUBISHI<\/p>\n<p>COD 31208<\/p>\n<p>MD312083<\/p>\n","protected":false},"featured_media":0,"template":"","meta":[],"product_cat":[356,443],"product_tag":[271],"class_list":{"0":"post-13493","1":"product","2":"type-product","3":"status-publish","5":"product_brand-mitsubishi","6":"product_cat-carro","7":"product_cat-motor","8":"product_tag-sensor","10":"first","11":"instock","12":"taxable","13":"shipping-taxable","14":"purchasable","15":"product-type-simple"},"jetpack_sharing_enabled":true,"_links":{"self":[{"href":"https:\/\/autoazulplusca.com\/puertoordaz\/wp-json\/wp\/v2\/product\/13493","targetHints":{"allow":["GET"]}}],"collection":[{"href":"https:\/\/autoazulplusca.com\/puertoordaz\/wp-json\/wp\/v2\/product"}],"about":[{"href":"https:\/\/autoazulplusca.com\/puertoordaz\/wp-json\/wp\/v2\/types\/product"}],"wp:attachment":[{"href":"https:\/\/autoazulplusca.com\/puertoordaz\/wp-json\/wp\/v2\/media?parent=13493"}],"wp:term":[{"taxonomy":"product_cat","embeddable":true,"href":"https:\/\/autoazulplusca.com\/puertoordaz\/wp-json\/wp\/v2\/product_cat?post=13493"},{"taxonomy":"product_tag","embeddable":true,"href":"https:\/\/autoazulplusca.com\/puertoordaz\/wp-json\/wp\/v2\/product_tag?post=13493"}],"curies":[{"name":"wp","href":"https:\/\/api.w.org\/{rel}","templated":true}]}}