{"id":13520,"date":"2024-05-21T10:24:23","date_gmt":"2024-05-21T14:24:23","guid":{"rendered":"https:\/\/autoazulplusca.com\/puertoordaz\/?post_type=product&#038;p=13520"},"modified":"2025-10-24T17:33:45","modified_gmt":"2025-10-24T21:33:45","slug":"sensor-posicion-ciguenal-mitsubishi-lancer-1-6-mitsubishi","status":"publish","type":"product","link":"https:\/\/autoazulplusca.com\/puertoordaz\/product\/sensor-posicion-ciguenal-mitsubishi-lancer-1-6-mitsubishi\/","title":{"rendered":"Sensor Posici\u00f3n Cig\u00fce\u00f1aL MITSUBISHI LANCER 1.6 MITSUBISHI"},"content":{"rendered":"<p>Sensor Posici\u00f3n Cig\u00fce\u00f1aL MITSUBISHI LANCER 1.6 MITSUBISHI<\/p>\n<p>COD 42073<\/p>\n<p>MR420734<\/p>\n<p>&nbsp;<\/p>\n","protected":false},"excerpt":{"rendered":"<p>Sensor Posici\u00f3n Cig\u00fce\u00f1aL MITSUBISHI LANCER 1.6 MITSUBISHI<\/p>\n<p>COD 42073<\/p>\n<p>MR420734<\/p>\n","protected":false},"featured_media":0,"template":"","meta":[],"product_cat":[356,443],"product_tag":[271],"class_list":{"0":"post-13520","1":"product","2":"type-product","3":"status-publish","5":"product_brand-mitsubishi","6":"product_cat-carro","7":"product_cat-motor","8":"product_tag-sensor","10":"first","11":"outofstock","12":"taxable","13":"shipping-taxable","14":"purchasable","15":"product-type-simple"},"jetpack_sharing_enabled":true,"_links":{"self":[{"href":"https:\/\/autoazulplusca.com\/puertoordaz\/wp-json\/wp\/v2\/product\/13520","targetHints":{"allow":["GET"]}}],"collection":[{"href":"https:\/\/autoazulplusca.com\/puertoordaz\/wp-json\/wp\/v2\/product"}],"about":[{"href":"https:\/\/autoazulplusca.com\/puertoordaz\/wp-json\/wp\/v2\/types\/product"}],"wp:attachment":[{"href":"https:\/\/autoazulplusca.com\/puertoordaz\/wp-json\/wp\/v2\/media?parent=13520"}],"wp:term":[{"taxonomy":"product_cat","embeddable":true,"href":"https:\/\/autoazulplusca.com\/puertoordaz\/wp-json\/wp\/v2\/product_cat?post=13520"},{"taxonomy":"product_tag","embeddable":true,"href":"https:\/\/autoazulplusca.com\/puertoordaz\/wp-json\/wp\/v2\/product_tag?post=13520"}],"curies":[{"name":"wp","href":"https:\/\/api.w.org\/{rel}","templated":true}]}}