{"id":13756,"date":"2024-05-22T12:01:54","date_gmt":"2024-05-22T16:01:54","guid":{"rendered":"https:\/\/autoazulplusca.com\/puertoordaz\/?post_type=product&#038;p=13756"},"modified":"2025-10-21T10:51:52","modified_gmt":"2025-10-21T14:51:52","slug":"munon-dongfeng-df-s30-partner-generico","status":"publish","type":"product","link":"https:\/\/autoazulplusca.com\/puertoordaz\/product\/munon-dongfeng-df-s30-partner-generico\/","title":{"rendered":"Mu\u00f1\u00f3n Dongfeng DF S30 \/ PARTNER GEN\u00c9RICO"},"content":{"rendered":"<p>Mu\u00f1\u00f3n Dongfeng DF S30 \/ PARTNER GEN\u00c9RICO<\/p>\n<p>COD 4165<\/p>\n<p>4165300<\/p>\n<p>&nbsp;<\/p>\n","protected":false},"excerpt":{"rendered":"<p>Mu\u00f1\u00f3n Dongfeng DF S30 \/ PARTNER GEN\u00c9RICO<\/p>\n<p>COD 4165<\/p>\n<p>4165300<\/p>\n<p>&nbsp;<\/p>\n","protected":false},"featured_media":0,"template":"","meta":[],"product_cat":[356,338],"product_tag":[166],"class_list":{"0":"post-13756","1":"product","2":"type-product","3":"status-publish","5":"product_brand-generico","6":"product_cat-carro","7":"product_cat-direccion-y-amortiguadores","8":"product_tag-munon","10":"first","11":"instock","12":"taxable","13":"shipping-taxable","14":"purchasable","15":"product-type-simple"},"jetpack_sharing_enabled":true,"_links":{"self":[{"href":"https:\/\/autoazulplusca.com\/puertoordaz\/wp-json\/wp\/v2\/product\/13756","targetHints":{"allow":["GET"]}}],"collection":[{"href":"https:\/\/autoazulplusca.com\/puertoordaz\/wp-json\/wp\/v2\/product"}],"about":[{"href":"https:\/\/autoazulplusca.com\/puertoordaz\/wp-json\/wp\/v2\/types\/product"}],"wp:attachment":[{"href":"https:\/\/autoazulplusca.com\/puertoordaz\/wp-json\/wp\/v2\/media?parent=13756"}],"wp:term":[{"taxonomy":"product_cat","embeddable":true,"href":"https:\/\/autoazulplusca.com\/puertoordaz\/wp-json\/wp\/v2\/product_cat?post=13756"},{"taxonomy":"product_tag","embeddable":true,"href":"https:\/\/autoazulplusca.com\/puertoordaz\/wp-json\/wp\/v2\/product_tag?post=13756"}],"curies":[{"name":"wp","href":"https:\/\/api.w.org\/{rel}","templated":true}]}}