{"id":13862,"date":"2024-05-22T16:52:42","date_gmt":"2024-05-22T20:52:42","guid":{"rendered":"https:\/\/autoazulplusca.com\/puertoordaz\/?post_type=product&#038;p=13862"},"modified":"2025-10-24T17:33:36","modified_gmt":"2025-10-24T21:33:36","slug":"sensor-posicion-arbol-de-levas-honda-civic-01-05","status":"publish","type":"product","link":"https:\/\/autoazulplusca.com\/puertoordaz\/product\/sensor-posicion-arbol-de-levas-honda-civic-01-05\/","title":{"rendered":"Sensor Posici\u00f3n \u00c1rbol De Levas HONDA CIVIC (01-05) HONDA"},"content":{"rendered":"<p>Sensor Posici\u00f3n \u00c1rbol De Levas HONDA CIVIC (01-05)<\/p>\n<p>COD 07853<\/p>\n<p>37840-RJH-006<\/p>\n","protected":false},"excerpt":{"rendered":"<p>Sensor Posici\u00f3n \u00c1rbol De Levas HONDA CIVIC (2001-2002-2003-2004-2005)<\/p>\n<p>COD 07853<\/p>\n<p>37840-RJH-006<\/p>\n","protected":false},"featured_media":0,"template":"","meta":[],"product_cat":[356,443],"product_tag":[271],"class_list":{"0":"post-13862","1":"product","2":"type-product","3":"status-publish","5":"product_brand-honda-brand","6":"product_cat-carro","7":"product_cat-motor","8":"product_tag-sensor","10":"first","11":"instock","12":"taxable","13":"shipping-taxable","14":"purchasable","15":"product-type-simple"},"jetpack_sharing_enabled":true,"_links":{"self":[{"href":"https:\/\/autoazulplusca.com\/puertoordaz\/wp-json\/wp\/v2\/product\/13862","targetHints":{"allow":["GET"]}}],"collection":[{"href":"https:\/\/autoazulplusca.com\/puertoordaz\/wp-json\/wp\/v2\/product"}],"about":[{"href":"https:\/\/autoazulplusca.com\/puertoordaz\/wp-json\/wp\/v2\/types\/product"}],"wp:attachment":[{"href":"https:\/\/autoazulplusca.com\/puertoordaz\/wp-json\/wp\/v2\/media?parent=13862"}],"wp:term":[{"taxonomy":"product_cat","embeddable":true,"href":"https:\/\/autoazulplusca.com\/puertoordaz\/wp-json\/wp\/v2\/product_cat?post=13862"},{"taxonomy":"product_tag","embeddable":true,"href":"https:\/\/autoazulplusca.com\/puertoordaz\/wp-json\/wp\/v2\/product_tag?post=13862"}],"curies":[{"name":"wp","href":"https:\/\/api.w.org\/{rel}","templated":true}]}}