{"id":13913,"date":"2024-05-23T10:03:44","date_gmt":"2024-05-23T14:03:44","guid":{"rendered":"https:\/\/autoazulplusca.com\/puertoordaz\/?post_type=product&#038;p=13913"},"modified":"2025-10-21T10:51:44","modified_gmt":"2025-10-21T14:51:44","slug":"munon-inferior-honda-cr-v-02-04-honda","status":"publish","type":"product","link":"https:\/\/autoazulplusca.com\/puertoordaz\/product\/munon-inferior-honda-cr-v-02-04-honda\/","title":{"rendered":"Mu\u00f1\u00f3n Inferior HONDA CR-V (02-04) HONDA"},"content":{"rendered":"<p>Mu\u00f1\u00f3n Inferior HONDA CR-V (02-04) HONDA<\/p>\n<p>COD 51221<\/p>\n<p>51220-S9A-010<\/p>\n","protected":false},"excerpt":{"rendered":"<p>Mu\u00f1\u00f3n Inferior HONDA CR-V (02-04) HONDA<\/p>\n<p>COD 51221<\/p>\n<p>51220-S9A-010<\/p>\n","protected":false},"featured_media":0,"template":"","meta":[],"product_cat":[356,338],"product_tag":[166],"class_list":{"0":"post-13913","1":"product","2":"type-product","3":"status-publish","5":"product_brand-honda-brand","6":"product_cat-carro","7":"product_cat-direccion-y-amortiguadores","8":"product_tag-munon","10":"first","11":"instock","12":"taxable","13":"shipping-taxable","14":"purchasable","15":"product-type-simple"},"jetpack_sharing_enabled":true,"_links":{"self":[{"href":"https:\/\/autoazulplusca.com\/puertoordaz\/wp-json\/wp\/v2\/product\/13913","targetHints":{"allow":["GET"]}}],"collection":[{"href":"https:\/\/autoazulplusca.com\/puertoordaz\/wp-json\/wp\/v2\/product"}],"about":[{"href":"https:\/\/autoazulplusca.com\/puertoordaz\/wp-json\/wp\/v2\/types\/product"}],"wp:attachment":[{"href":"https:\/\/autoazulplusca.com\/puertoordaz\/wp-json\/wp\/v2\/media?parent=13913"}],"wp:term":[{"taxonomy":"product_cat","embeddable":true,"href":"https:\/\/autoazulplusca.com\/puertoordaz\/wp-json\/wp\/v2\/product_cat?post=13913"},{"taxonomy":"product_tag","embeddable":true,"href":"https:\/\/autoazulplusca.com\/puertoordaz\/wp-json\/wp\/v2\/product_tag?post=13913"}],"curies":[{"name":"wp","href":"https:\/\/api.w.org\/{rel}","templated":true}]}}