{"id":13980,"date":"2024-05-24T11:11:01","date_gmt":"2024-05-24T15:11:01","guid":{"rendered":"https:\/\/autoazulplusca.com\/puertoordaz\/?post_type=product&#038;p=13980"},"modified":"2026-01-14T12:11:02","modified_gmt":"2026-01-14T16:11:02","slug":"estopera-ciguenal-trasera-suzuki-gran-vitara-j3-2-0-xl5-xl7","status":"publish","type":"product","link":"https:\/\/autoazulplusca.com\/puertoordaz\/product\/estopera-ciguenal-trasera-suzuki-gran-vitara-j3-2-0-xl5-xl7\/","title":{"rendered":"Estopera Cigue\u00f1al Trasera SUZUKI GRAN VITARA J3 2.0 XL5 XL7 SUZUKI"},"content":{"rendered":"<p>Estopera Cig\u00fce\u00f1al Trasera SUZUKI GRAN VITARA J3 2.0 XL5 XL7 (NOK) (PRESENT. ORIGINAL)<\/p>\n<p>COD. 09283-98001<\/p>\n<p>COD. 25121<\/p>\n","protected":false},"excerpt":{"rendered":"<p>Estopera Cigue\u00f1al Trasera SUZUKI GRAN VITARA J3 2.0 XL5 XL7 (NOK) (PRESENT. ORIGINAL)<\/p>\n<p>COD. 09283-98001<\/p>\n<p>COD. 25121<\/p>\n","protected":false},"featured_media":0,"template":"","meta":[],"product_cat":[356,443],"product_tag":[270],"class_list":{"0":"post-13980","1":"product","2":"type-product","3":"status-publish","5":"product_brand-suzuki","6":"product_cat-carro","7":"product_cat-motor","8":"product_tag-estopera-ciguenal","10":"first","11":"instock","12":"taxable","13":"shipping-taxable","14":"purchasable","15":"product-type-simple"},"jetpack_sharing_enabled":true,"_links":{"self":[{"href":"https:\/\/autoazulplusca.com\/puertoordaz\/wp-json\/wp\/v2\/product\/13980","targetHints":{"allow":["GET"]}}],"collection":[{"href":"https:\/\/autoazulplusca.com\/puertoordaz\/wp-json\/wp\/v2\/product"}],"about":[{"href":"https:\/\/autoazulplusca.com\/puertoordaz\/wp-json\/wp\/v2\/types\/product"}],"wp:attachment":[{"href":"https:\/\/autoazulplusca.com\/puertoordaz\/wp-json\/wp\/v2\/media?parent=13980"}],"wp:term":[{"taxonomy":"product_cat","embeddable":true,"href":"https:\/\/autoazulplusca.com\/puertoordaz\/wp-json\/wp\/v2\/product_cat?post=13980"},{"taxonomy":"product_tag","embeddable":true,"href":"https:\/\/autoazulplusca.com\/puertoordaz\/wp-json\/wp\/v2\/product_tag?post=13980"}],"curies":[{"name":"wp","href":"https:\/\/api.w.org\/{rel}","templated":true}]}}