{"id":14355,"date":"2024-05-27T16:33:04","date_gmt":"2024-05-27T20:33:04","guid":{"rendered":"https:\/\/autoazulplusca.com\/puertoordaz\/?post_type=product&#038;p=14355"},"modified":"2025-10-24T17:31:45","modified_gmt":"2025-10-24T21:31:45","slug":"sensor-posicion-ciguenal-jeep-grand-cherokee-4-7-wj-wk-99-10","status":"publish","type":"product","link":"https:\/\/autoazulplusca.com\/puertoordaz\/product\/sensor-posicion-ciguenal-jeep-grand-cherokee-4-7-wj-wk-99-10\/","title":{"rendered":"Sensor Posici\u00f3n Cig\u00fce\u00f1al JEEP GRAND CHEROKEE 4.7 WJ\/WK (99-10) MOPAR"},"content":{"rendered":"<p>Sensor Posici\u00f3n Cig\u00fce\u00f1al JEEP GRAND CHEROKEE 4.7 WJ\/WK (99-10) MOPAR<\/p>\n<p>COD 00023<\/p>\n<p>56028666 AB<\/p>\n","protected":false},"excerpt":{"rendered":"<p>Sensor Posici\u00f3n Cig\u00fce\u00f1al JEEP GRAND CHEROKEE 4.7 WJ\/WK (1999-2000-2001-2002-2003-2004-2005-2006-2007-2008-2009-2010) MOPAR<\/p>\n<p>COD 00023<\/p>\n<p>56028666 AB<\/p>\n","protected":false},"featured_media":0,"template":"","meta":[],"product_cat":[356,443,421],"product_tag":[271],"class_list":{"0":"post-14355","1":"product","2":"type-product","3":"status-publish","5":"product_brand-mopar","6":"product_cat-carro","7":"product_cat-motor","8":"product_cat-partes-electricas-carro","9":"product_tag-sensor","11":"first","12":"outofstock","13":"taxable","14":"shipping-taxable","15":"purchasable","16":"product-type-simple"},"jetpack_sharing_enabled":true,"_links":{"self":[{"href":"https:\/\/autoazulplusca.com\/puertoordaz\/wp-json\/wp\/v2\/product\/14355","targetHints":{"allow":["GET"]}}],"collection":[{"href":"https:\/\/autoazulplusca.com\/puertoordaz\/wp-json\/wp\/v2\/product"}],"about":[{"href":"https:\/\/autoazulplusca.com\/puertoordaz\/wp-json\/wp\/v2\/types\/product"}],"wp:attachment":[{"href":"https:\/\/autoazulplusca.com\/puertoordaz\/wp-json\/wp\/v2\/media?parent=14355"}],"wp:term":[{"taxonomy":"product_cat","embeddable":true,"href":"https:\/\/autoazulplusca.com\/puertoordaz\/wp-json\/wp\/v2\/product_cat?post=14355"},{"taxonomy":"product_tag","embeddable":true,"href":"https:\/\/autoazulplusca.com\/puertoordaz\/wp-json\/wp\/v2\/product_tag?post=14355"}],"curies":[{"name":"wp","href":"https:\/\/api.w.org\/{rel}","templated":true}]}}