{"id":14477,"date":"2024-05-28T11:14:33","date_gmt":"2024-05-28T15:14:33","guid":{"rendered":"https:\/\/autoazulplusca.com\/puertoordaz\/?post_type=product&#038;p=14477"},"modified":"2026-03-31T11:30:41","modified_gmt":"2026-03-31T15:30:41","slug":"munon-original-chery-tiggo","status":"publish","type":"product","link":"https:\/\/autoazulplusca.com\/puertoordaz\/product\/munon-original-chery-tiggo\/","title":{"rendered":"Mu\u00f1\u00f3n Original CHERY TIGGO ORIGINAL CHERY"},"content":{"rendered":"<p>Mu\u00f1\u00f3n Original CHERY TIGGO<\/p>\n<p>COD T36-1<\/p>\n<p>COD 07883<\/p>\n<p>T11-2909060<\/p>\n","protected":false},"excerpt":{"rendered":"<p>Mu\u00f1\u00f3n Original CHERY TIGGO<\/p>\n<p>COD T36-1<\/p>\n<p>COD 07883<\/p>\n<p>T11-2909060<\/p>\n","protected":false},"featured_media":0,"template":"","meta":[],"product_cat":[338],"product_tag":[597],"class_list":{"0":"post-14477","1":"product","2":"type-product","3":"status-publish","5":"product_brand-chery","6":"product_cat-direccion-y-amortiguadores","7":"product_tag-munon-original","9":"first","10":"outofstock","11":"taxable","12":"shipping-taxable","13":"purchasable","14":"product-type-simple"},"jetpack_sharing_enabled":true,"_links":{"self":[{"href":"https:\/\/autoazulplusca.com\/puertoordaz\/wp-json\/wp\/v2\/product\/14477","targetHints":{"allow":["GET"]}}],"collection":[{"href":"https:\/\/autoazulplusca.com\/puertoordaz\/wp-json\/wp\/v2\/product"}],"about":[{"href":"https:\/\/autoazulplusca.com\/puertoordaz\/wp-json\/wp\/v2\/types\/product"}],"wp:attachment":[{"href":"https:\/\/autoazulplusca.com\/puertoordaz\/wp-json\/wp\/v2\/media?parent=14477"}],"wp:term":[{"taxonomy":"product_cat","embeddable":true,"href":"https:\/\/autoazulplusca.com\/puertoordaz\/wp-json\/wp\/v2\/product_cat?post=14477"},{"taxonomy":"product_tag","embeddable":true,"href":"https:\/\/autoazulplusca.com\/puertoordaz\/wp-json\/wp\/v2\/product_tag?post=14477"}],"curies":[{"name":"wp","href":"https:\/\/api.w.org\/{rel}","templated":true}]}}