{"id":14686,"date":"2024-05-30T11:26:05","date_gmt":"2024-05-30T15:26:05","guid":{"rendered":"https:\/\/autoazulplusca.com\/puertoordaz\/?post_type=product&#038;p=14686"},"modified":"2025-05-24T16:29:34","modified_gmt":"2025-05-24T20:29:34","slug":"arbol-de-leva-zz-owgs-s-pinon-calidad-lider","status":"publish","type":"product","link":"https:\/\/autoazulplusca.com\/puertoordaz\/product\/arbol-de-leva-zz-owgs-s-pinon-calidad-lider\/","title":{"rendered":"\u00c1rbol De Leva ZZ-OWGS S\/Pi\u00f1\u00f3n (Calidad) LIDER"},"content":{"rendered":"<p>\u00c1rbol De Leva ZZ-OWGS S\/Pi\u00f1\u00f3n (Calidad) LIDER<\/p>\n<p>COD. 11906<\/p>\n","protected":false},"excerpt":{"rendered":"<p>\u00c1rbol De Leva ZZ-OWGS S\/Pi\u00f1\u00f3n (Calidad) LIDER<\/p>\n<p>COD. 11906<\/p>\n<p>\u00c1rbol De Leva OWEN GS<\/p>\n","protected":false},"featured_media":27467,"template":"","meta":[],"product_cat":[365,361],"product_tag":[174],"class_list":{"0":"post-14686","1":"product","2":"type-product","3":"status-publish","4":"has-post-thumbnail","6":"product_brand-lider","7":"product_cat-repuestos","8":"product_cat-repuestos-moto","9":"product_tag-arbol-de-leva","11":"first","12":"instock","13":"taxable","14":"shipping-taxable","15":"purchasable","16":"product-type-simple"},"jetpack_sharing_enabled":true,"_links":{"self":[{"href":"https:\/\/autoazulplusca.com\/puertoordaz\/wp-json\/wp\/v2\/product\/14686","targetHints":{"allow":["GET"]}}],"collection":[{"href":"https:\/\/autoazulplusca.com\/puertoordaz\/wp-json\/wp\/v2\/product"}],"about":[{"href":"https:\/\/autoazulplusca.com\/puertoordaz\/wp-json\/wp\/v2\/types\/product"}],"wp:featuredmedia":[{"embeddable":true,"href":"https:\/\/autoazulplusca.com\/puertoordaz\/wp-json\/wp\/v2\/media\/27467"}],"wp:attachment":[{"href":"https:\/\/autoazulplusca.com\/puertoordaz\/wp-json\/wp\/v2\/media?parent=14686"}],"wp:term":[{"taxonomy":"product_cat","embeddable":true,"href":"https:\/\/autoazulplusca.com\/puertoordaz\/wp-json\/wp\/v2\/product_cat?post=14686"},{"taxonomy":"product_tag","embeddable":true,"href":"https:\/\/autoazulplusca.com\/puertoordaz\/wp-json\/wp\/v2\/product_tag?post=14686"}],"curies":[{"name":"wp","href":"https:\/\/api.w.org\/{rel}","templated":true}]}}