{"id":15002,"date":"2024-06-01T10:14:59","date_gmt":"2024-06-01T14:14:59","guid":{"rendered":"https:\/\/autoazulplusca.com\/puertoordaz\/?post_type=product&#038;p=15002"},"modified":"2025-12-20T13:46:02","modified_gmt":"2025-12-20T17:46:02","slug":"ciguenal-zz-h1-pasador-pequeno-lider","status":"publish","type":"product","link":"https:\/\/autoazulplusca.com\/puertoordaz\/product\/ciguenal-zz-h1-pasador-pequeno-lider\/","title":{"rendered":"Cig\u00fce\u00f1al ZZ-H1 Pasador Peque\u00f1o LIDER"},"content":{"rendered":"<p>Cig\u00fce\u00f1al ZZ-H1 Pasador Peque\u00f1o LIDER<\/p>\n<p>COD. 5747<\/p>\n","protected":false},"excerpt":{"rendered":"<p>Cig\u00fce\u00f1al ZZ-H1 Pasador Peque\u00f1o LIDER<\/p>\n<p>COD. 5747<\/p>\n","protected":false},"featured_media":26790,"template":"","meta":[],"product_cat":[363,361],"product_tag":[211],"class_list":{"0":"post-15002","1":"product","2":"type-product","3":"status-publish","4":"has-post-thumbnail","6":"product_brand-lider","7":"product_cat-motor-repuestos-moto","8":"product_cat-repuestos-moto","9":"product_tag-ciguenal","11":"first","12":"instock","13":"taxable","14":"shipping-taxable","15":"purchasable","16":"product-type-simple"},"jetpack_sharing_enabled":true,"_links":{"self":[{"href":"https:\/\/autoazulplusca.com\/puertoordaz\/wp-json\/wp\/v2\/product\/15002","targetHints":{"allow":["GET"]}}],"collection":[{"href":"https:\/\/autoazulplusca.com\/puertoordaz\/wp-json\/wp\/v2\/product"}],"about":[{"href":"https:\/\/autoazulplusca.com\/puertoordaz\/wp-json\/wp\/v2\/types\/product"}],"wp:featuredmedia":[{"embeddable":true,"href":"https:\/\/autoazulplusca.com\/puertoordaz\/wp-json\/wp\/v2\/media\/26790"}],"wp:attachment":[{"href":"https:\/\/autoazulplusca.com\/puertoordaz\/wp-json\/wp\/v2\/media?parent=15002"}],"wp:term":[{"taxonomy":"product_cat","embeddable":true,"href":"https:\/\/autoazulplusca.com\/puertoordaz\/wp-json\/wp\/v2\/product_cat?post=15002"},{"taxonomy":"product_tag","embeddable":true,"href":"https:\/\/autoazulplusca.com\/puertoordaz\/wp-json\/wp\/v2\/product_tag?post=15002"}],"curies":[{"name":"wp","href":"https:\/\/api.w.org\/{rel}","templated":true}]}}