{"id":15005,"date":"2024-06-01T10:18:47","date_gmt":"2024-06-01T14:18:47","guid":{"rendered":"https:\/\/autoazulplusca.com\/puertoordaz\/?post_type=product&#038;p=15005"},"modified":"2026-04-08T10:36:29","modified_gmt":"2026-04-08T14:36:29","slug":"ciguenal-zz-mat-zz-gy6-125-lider","status":"publish","type":"product","link":"https:\/\/autoazulplusca.com\/puertoordaz\/product\/ciguenal-zz-mat-zz-gy6-125-lider\/","title":{"rendered":"Cig\u00fce\u00f1al ZZ-GY6 REDA"},"content":{"rendered":"<p>Cig\u00fce\u00f1al ZZ-GY6 REDA<\/p>\n<p>COD.5748<\/p>\n","protected":false},"excerpt":{"rendered":"<p>Cig\u00fce\u00f1al ZZ-GY6 REDA<\/p>\n<p>COD.5748<\/p>\n","protected":false},"featured_media":110093,"template":"","meta":[],"product_cat":[363,361],"product_tag":[211],"class_list":{"0":"post-15005","1":"product","2":"type-product","3":"status-publish","4":"has-post-thumbnail","6":"product_brand-reda","7":"product_cat-motor-repuestos-moto","8":"product_cat-repuestos-moto","9":"product_tag-ciguenal","11":"first","12":"instock","13":"taxable","14":"shipping-taxable","15":"purchasable","16":"product-type-simple"},"jetpack_sharing_enabled":true,"_links":{"self":[{"href":"https:\/\/autoazulplusca.com\/puertoordaz\/wp-json\/wp\/v2\/product\/15005","targetHints":{"allow":["GET"]}}],"collection":[{"href":"https:\/\/autoazulplusca.com\/puertoordaz\/wp-json\/wp\/v2\/product"}],"about":[{"href":"https:\/\/autoazulplusca.com\/puertoordaz\/wp-json\/wp\/v2\/types\/product"}],"wp:featuredmedia":[{"embeddable":true,"href":"https:\/\/autoazulplusca.com\/puertoordaz\/wp-json\/wp\/v2\/media\/110093"}],"wp:attachment":[{"href":"https:\/\/autoazulplusca.com\/puertoordaz\/wp-json\/wp\/v2\/media?parent=15005"}],"wp:term":[{"taxonomy":"product_cat","embeddable":true,"href":"https:\/\/autoazulplusca.com\/puertoordaz\/wp-json\/wp\/v2\/product_cat?post=15005"},{"taxonomy":"product_tag","embeddable":true,"href":"https:\/\/autoazulplusca.com\/puertoordaz\/wp-json\/wp\/v2\/product_tag?post=15005"}],"curies":[{"name":"wp","href":"https:\/\/api.w.org\/{rel}","templated":true}]}}