{"id":15010,"date":"2024-06-01T10:22:44","date_gmt":"2024-06-01T14:22:44","guid":{"rendered":"https:\/\/autoazulplusca.com\/puertoordaz\/?post_type=product&#038;p=15010"},"modified":"2025-05-24T16:29:21","modified_gmt":"2025-05-24T20:29:21","slug":"ciguenal-zz-owgs-2014-lider","status":"publish","type":"product","link":"https:\/\/autoazulplusca.com\/puertoordaz\/product\/ciguenal-zz-owgs-2014-lider\/","title":{"rendered":"Cig\u00fce\u00f1al ZZ-OWGS 2014 LIDER"},"content":{"rendered":"<p>Cig\u00fce\u00f1al ZZ-OWGS 2014 LIDER<\/p>\n<p>COD. 5751<\/p>\n","protected":false},"excerpt":{"rendered":"<p>Cig\u00fce\u00f1al ZZ-OWGS 2014 LIDER<\/p>\n<p>COD. 5751<\/p>\n","protected":false},"featured_media":26767,"template":"","meta":[],"product_cat":[363,361],"product_tag":[211],"class_list":{"0":"post-15010","1":"product","2":"type-product","3":"status-publish","4":"has-post-thumbnail","6":"product_brand-lider","7":"product_cat-motor-repuestos-moto","8":"product_cat-repuestos-moto","9":"product_tag-ciguenal","11":"first","12":"outofstock","13":"taxable","14":"shipping-taxable","15":"purchasable","16":"product-type-simple"},"jetpack_sharing_enabled":true,"_links":{"self":[{"href":"https:\/\/autoazulplusca.com\/puertoordaz\/wp-json\/wp\/v2\/product\/15010","targetHints":{"allow":["GET"]}}],"collection":[{"href":"https:\/\/autoazulplusca.com\/puertoordaz\/wp-json\/wp\/v2\/product"}],"about":[{"href":"https:\/\/autoazulplusca.com\/puertoordaz\/wp-json\/wp\/v2\/types\/product"}],"wp:featuredmedia":[{"embeddable":true,"href":"https:\/\/autoazulplusca.com\/puertoordaz\/wp-json\/wp\/v2\/media\/26767"}],"wp:attachment":[{"href":"https:\/\/autoazulplusca.com\/puertoordaz\/wp-json\/wp\/v2\/media?parent=15010"}],"wp:term":[{"taxonomy":"product_cat","embeddable":true,"href":"https:\/\/autoazulplusca.com\/puertoordaz\/wp-json\/wp\/v2\/product_cat?post=15010"},{"taxonomy":"product_tag","embeddable":true,"href":"https:\/\/autoazulplusca.com\/puertoordaz\/wp-json\/wp\/v2\/product_tag?post=15010"}],"curies":[{"name":"wp","href":"https:\/\/api.w.org\/{rel}","templated":true}]}}