{"id":15124,"date":"2024-06-01T14:52:11","date_gmt":"2024-06-01T18:52:11","guid":{"rendered":"https:\/\/autoazulplusca.com\/puertoordaz\/?post_type=product&#038;p=15124"},"modified":"2025-05-24T16:29:17","modified_gmt":"2025-05-24T20:29:17","slug":"pinon-contrapeso-zz-owgs-lider","status":"publish","type":"product","link":"https:\/\/autoazulplusca.com\/puertoordaz\/product\/pinon-contrapeso-zz-owgs-lider\/","title":{"rendered":"Pi\u00f1\u00f3n Contrapeso ZZ-OWGS LIDER"},"content":{"rendered":"<p>Pi\u00f1\u00f3n Contrapeso OWEN GS LIDER<\/p>\n<p>COD 69372<\/p>\n<p>11078<\/p>\n","protected":false},"excerpt":{"rendered":"<p>Pi\u00f1\u00f3n Contrapeso OWEN GS LIDER<\/p>\n<p>COD 69372<\/p>\n<p>11078<\/p>\n","protected":false},"featured_media":51045,"template":"","meta":[],"product_cat":[365,361],"product_tag":[399],"class_list":{"0":"post-15124","1":"product","2":"type-product","3":"status-publish","4":"has-post-thumbnail","6":"product_brand-lider","7":"product_cat-repuestos","8":"product_cat-repuestos-moto","9":"product_tag-pinon","11":"first","12":"instock","13":"taxable","14":"shipping-taxable","15":"purchasable","16":"product-type-simple"},"jetpack_sharing_enabled":true,"_links":{"self":[{"href":"https:\/\/autoazulplusca.com\/puertoordaz\/wp-json\/wp\/v2\/product\/15124","targetHints":{"allow":["GET"]}}],"collection":[{"href":"https:\/\/autoazulplusca.com\/puertoordaz\/wp-json\/wp\/v2\/product"}],"about":[{"href":"https:\/\/autoazulplusca.com\/puertoordaz\/wp-json\/wp\/v2\/types\/product"}],"wp:featuredmedia":[{"embeddable":true,"href":"https:\/\/autoazulplusca.com\/puertoordaz\/wp-json\/wp\/v2\/media\/51045"}],"wp:attachment":[{"href":"https:\/\/autoazulplusca.com\/puertoordaz\/wp-json\/wp\/v2\/media?parent=15124"}],"wp:term":[{"taxonomy":"product_cat","embeddable":true,"href":"https:\/\/autoazulplusca.com\/puertoordaz\/wp-json\/wp\/v2\/product_cat?post=15124"},{"taxonomy":"product_tag","embeddable":true,"href":"https:\/\/autoazulplusca.com\/puertoordaz\/wp-json\/wp\/v2\/product_tag?post=15124"}],"curies":[{"name":"wp","href":"https:\/\/api.w.org\/{rel}","templated":true}]}}