{"id":15127,"date":"2024-06-01T14:56:15","date_gmt":"2024-06-01T18:56:15","guid":{"rendered":"https:\/\/autoazulplusca.com\/puertoordaz\/?post_type=product&#038;p=15127"},"modified":"2025-05-24T16:29:17","modified_gmt":"2025-05-24T20:29:17","slug":"pinon-arbol-de-leva-zz-cg150-lider","status":"publish","type":"product","link":"https:\/\/autoazulplusca.com\/puertoordaz\/product\/pinon-arbol-de-leva-zz-cg150-lider\/","title":{"rendered":"Pi\u00f1\u00f3n \u00c1rbol De Leva ZZ-CG150 LIDER"},"content":{"rendered":"<p>Pi\u00f1\u00f3n \u00c1rbol De Leva CG150 LIDER<\/p>\n<p>COD 69373<\/p>\n<p>15534<\/p>\n","protected":false},"excerpt":{"rendered":"<p>Pi\u00f1\u00f3n \u00c1rbol De Leva CG150 LIDER<\/p>\n<p>COD 69373<\/p>\n<p>15534<\/p>\n","protected":false},"featured_media":0,"template":"","meta":[],"product_cat":[365,361],"product_tag":[399],"class_list":{"0":"post-15127","1":"product","2":"type-product","3":"status-publish","5":"product_brand-lider","6":"product_cat-repuestos","7":"product_cat-repuestos-moto","8":"product_tag-pinon","10":"first","11":"instock","12":"taxable","13":"shipping-taxable","14":"purchasable","15":"product-type-simple"},"jetpack_sharing_enabled":true,"_links":{"self":[{"href":"https:\/\/autoazulplusca.com\/puertoordaz\/wp-json\/wp\/v2\/product\/15127","targetHints":{"allow":["GET"]}}],"collection":[{"href":"https:\/\/autoazulplusca.com\/puertoordaz\/wp-json\/wp\/v2\/product"}],"about":[{"href":"https:\/\/autoazulplusca.com\/puertoordaz\/wp-json\/wp\/v2\/types\/product"}],"wp:attachment":[{"href":"https:\/\/autoazulplusca.com\/puertoordaz\/wp-json\/wp\/v2\/media?parent=15127"}],"wp:term":[{"taxonomy":"product_cat","embeddable":true,"href":"https:\/\/autoazulplusca.com\/puertoordaz\/wp-json\/wp\/v2\/product_cat?post=15127"},{"taxonomy":"product_tag","embeddable":true,"href":"https:\/\/autoazulplusca.com\/puertoordaz\/wp-json\/wp\/v2\/product_tag?post=15127"}],"curies":[{"name":"wp","href":"https:\/\/api.w.org\/{rel}","templated":true}]}}