{"id":15134,"date":"2024-06-01T15:03:31","date_gmt":"2024-06-01T19:03:31","guid":{"rendered":"https:\/\/autoazulplusca.com\/puertoordaz\/?post_type=product&#038;p=15134"},"modified":"2026-04-07T11:45:57","modified_gmt":"2026-04-07T15:45:57","slug":"pinon-de-la-caja-tercero-zz-t200-lider","status":"publish","type":"product","link":"https:\/\/autoazulplusca.com\/puertoordaz\/product\/pinon-de-la-caja-tercero-zz-t200-lider\/","title":{"rendered":"Pi\u00f1\u00f3n De La Caja Tercero ZZ-T200 LIDER"},"content":{"rendered":"<p>Pi\u00f1\u00f3n De La Caja Tercero TX200 LIDER<\/p>\n<p>COD 69375<\/p>\n<p>1720<\/p>\n","protected":false},"excerpt":{"rendered":"<p>Pi\u00f1\u00f3n De La Caja Tercero TX200 LIDER<\/p>\n<p>COD 69375<\/p>\n<p>1720<\/p>\n","protected":false},"featured_media":28146,"template":"","meta":[],"product_cat":[365,361],"product_tag":[399],"class_list":{"0":"post-15134","1":"product","2":"type-product","3":"status-publish","4":"has-post-thumbnail","6":"product_brand-lider","7":"product_cat-repuestos","8":"product_cat-repuestos-moto","9":"product_tag-pinon","11":"first","12":"outofstock","13":"taxable","14":"shipping-taxable","15":"purchasable","16":"product-type-simple"},"jetpack_sharing_enabled":true,"_links":{"self":[{"href":"https:\/\/autoazulplusca.com\/puertoordaz\/wp-json\/wp\/v2\/product\/15134","targetHints":{"allow":["GET"]}}],"collection":[{"href":"https:\/\/autoazulplusca.com\/puertoordaz\/wp-json\/wp\/v2\/product"}],"about":[{"href":"https:\/\/autoazulplusca.com\/puertoordaz\/wp-json\/wp\/v2\/types\/product"}],"wp:featuredmedia":[{"embeddable":true,"href":"https:\/\/autoazulplusca.com\/puertoordaz\/wp-json\/wp\/v2\/media\/28146"}],"wp:attachment":[{"href":"https:\/\/autoazulplusca.com\/puertoordaz\/wp-json\/wp\/v2\/media?parent=15134"}],"wp:term":[{"taxonomy":"product_cat","embeddable":true,"href":"https:\/\/autoazulplusca.com\/puertoordaz\/wp-json\/wp\/v2\/product_cat?post=15134"},{"taxonomy":"product_tag","embeddable":true,"href":"https:\/\/autoazulplusca.com\/puertoordaz\/wp-json\/wp\/v2\/product_tag?post=15134"}],"curies":[{"name":"wp","href":"https:\/\/api.w.org\/{rel}","templated":true}]}}