{"id":15145,"date":"2024-06-01T15:35:14","date_gmt":"2024-06-01T19:35:14","guid":{"rendered":"https:\/\/autoazulplusca.com\/puertoordaz\/?post_type=product&#038;p=15145"},"modified":"2025-06-11T10:06:31","modified_gmt":"2025-06-11T14:06:31","slug":"pipa-de-bujia-negro-plastico-zz-cg150-lider","status":"publish","type":"product","link":"https:\/\/autoazulplusca.com\/puertoordaz\/product\/pipa-de-bujia-negro-plastico-zz-cg150-lider\/","title":{"rendered":"Pipa De Buj\u00eda Negro Pl\u00e1stico ZZ-CG150 LIDER"},"content":{"rendered":"<p>Pipa De Buj\u00eda Negro Pl\u00e1stico CG150 LIDER<\/p>\n<p>COD 69381<\/p>\n<p>2598<\/p>\n<p>&nbsp;<\/p>\n","protected":false},"excerpt":{"rendered":"<p>Pipa De Buj\u00eda Negro Pl\u00e1stico CG150 LIDER<\/p>\n<p>COD 69381<\/p>\n<p>2598<\/p>\n","protected":false},"featured_media":40803,"template":"","meta":[],"product_cat":[352],"product_tag":[682],"class_list":{"0":"post-15145","1":"product","2":"type-product","3":"status-publish","4":"has-post-thumbnail","6":"product_brand-lider","7":"product_cat-accesorios-moto","8":"product_tag-pipa-bujia","10":"first","11":"instock","12":"taxable","13":"shipping-taxable","14":"purchasable","15":"product-type-simple"},"jetpack_sharing_enabled":true,"_links":{"self":[{"href":"https:\/\/autoazulplusca.com\/puertoordaz\/wp-json\/wp\/v2\/product\/15145","targetHints":{"allow":["GET"]}}],"collection":[{"href":"https:\/\/autoazulplusca.com\/puertoordaz\/wp-json\/wp\/v2\/product"}],"about":[{"href":"https:\/\/autoazulplusca.com\/puertoordaz\/wp-json\/wp\/v2\/types\/product"}],"wp:featuredmedia":[{"embeddable":true,"href":"https:\/\/autoazulplusca.com\/puertoordaz\/wp-json\/wp\/v2\/media\/40803"}],"wp:attachment":[{"href":"https:\/\/autoazulplusca.com\/puertoordaz\/wp-json\/wp\/v2\/media?parent=15145"}],"wp:term":[{"taxonomy":"product_cat","embeddable":true,"href":"https:\/\/autoazulplusca.com\/puertoordaz\/wp-json\/wp\/v2\/product_cat?post=15145"},{"taxonomy":"product_tag","embeddable":true,"href":"https:\/\/autoazulplusca.com\/puertoordaz\/wp-json\/wp\/v2\/product_tag?post=15145"}],"curies":[{"name":"wp","href":"https:\/\/api.w.org\/{rel}","templated":true}]}}