{"id":15158,"date":"2024-06-01T15:46:55","date_gmt":"2024-06-01T19:46:55","guid":{"rendered":"https:\/\/autoazulplusca.com\/puertoordaz\/?post_type=product&#038;p=15158"},"modified":"2025-05-24T16:29:16","modified_gmt":"2025-05-24T20:29:16","slug":"pipa-de-bujia-color-rojo-silicon-lider","status":"publish","type":"product","link":"https:\/\/autoazulplusca.com\/puertoordaz\/product\/pipa-de-bujia-color-rojo-silicon-lider\/","title":{"rendered":"Pipa De Buj\u00eda Color Rojo (Silic\u00f3n) LIDER"},"content":{"rendered":"<p>Pipa De Buj\u00eda Color Rojo (Silic\u00f3n) LIDER<\/p>\n<p>COD 69384<\/p>\n<p>A036D<\/p>\n","protected":false},"excerpt":{"rendered":"<p>Pipa De Buj\u00eda Color Rojo (Silic\u00f3n) LIDER<\/p>\n<p>COD 69384<\/p>\n<p>A036D<\/p>\n","protected":false},"featured_media":27913,"template":"","meta":[],"product_cat":[352],"product_tag":[682],"class_list":{"0":"post-15158","1":"product","2":"type-product","3":"status-publish","4":"has-post-thumbnail","6":"product_brand-lider","7":"product_cat-accesorios-moto","8":"product_tag-pipa-bujia","10":"first","11":"outofstock","12":"taxable","13":"shipping-taxable","14":"purchasable","15":"product-type-simple"},"jetpack_sharing_enabled":true,"_links":{"self":[{"href":"https:\/\/autoazulplusca.com\/puertoordaz\/wp-json\/wp\/v2\/product\/15158","targetHints":{"allow":["GET"]}}],"collection":[{"href":"https:\/\/autoazulplusca.com\/puertoordaz\/wp-json\/wp\/v2\/product"}],"about":[{"href":"https:\/\/autoazulplusca.com\/puertoordaz\/wp-json\/wp\/v2\/types\/product"}],"wp:featuredmedia":[{"embeddable":true,"href":"https:\/\/autoazulplusca.com\/puertoordaz\/wp-json\/wp\/v2\/media\/27913"}],"wp:attachment":[{"href":"https:\/\/autoazulplusca.com\/puertoordaz\/wp-json\/wp\/v2\/media?parent=15158"}],"wp:term":[{"taxonomy":"product_cat","embeddable":true,"href":"https:\/\/autoazulplusca.com\/puertoordaz\/wp-json\/wp\/v2\/product_cat?post=15158"},{"taxonomy":"product_tag","embeddable":true,"href":"https:\/\/autoazulplusca.com\/puertoordaz\/wp-json\/wp\/v2\/product_tag?post=15158"}],"curies":[{"name":"wp","href":"https:\/\/api.w.org\/{rel}","templated":true}]}}