{"id":16608,"date":"2024-06-11T08:52:56","date_gmt":"2024-06-11T12:52:56","guid":{"rendered":"https:\/\/autoazulplusca.com\/puertoordaz\/?post_type=product&#038;p=16608"},"modified":"2026-01-21T16:16:10","modified_gmt":"2026-01-21T20:16:10","slug":"meseta-chev-aveo-todos-inf-der-munon-de-tornillo-tva","status":"publish","type":"product","link":"https:\/\/autoazulplusca.com\/puertoordaz\/product\/meseta-chev-aveo-todos-inf-der-munon-de-tornillo-tva\/","title":{"rendered":"MESETA CHEV AVEO (TODOS) INF DER (MU\u00d1\u00d3N DE TORNILLO) TVA"},"content":{"rendered":"<p>MESETA CHEVROLET AVEO (TODOS) INFERIOR DERECHO (MU\u00d1\u00d3N DE TORNILLO) TVA<\/p>\n<p>COD 1000939<\/p>\n<p>TVA-96815894<\/p>\n","protected":false},"excerpt":{"rendered":"<p>MESETA CHEVROLET AVEO (TODOS) INFERIOR DERECHO (MU\u00d1\u00d3N DE TORNILLO) TVA<\/p>\n<p>COD 1000939<\/p>\n<p>TVA-96815894<\/p>\n","protected":false},"featured_media":106674,"template":"","meta":[],"product_cat":[338],"product_tag":[176],"class_list":{"0":"post-16608","1":"product","2":"type-product","3":"status-publish","4":"has-post-thumbnail","6":"product_brand-tva","7":"product_cat-direccion-y-amortiguadores","8":"product_tag-meseta","10":"first","11":"instock","12":"taxable","13":"shipping-taxable","14":"purchasable","15":"product-type-simple"},"jetpack_sharing_enabled":true,"_links":{"self":[{"href":"https:\/\/autoazulplusca.com\/puertoordaz\/wp-json\/wp\/v2\/product\/16608","targetHints":{"allow":["GET"]}}],"collection":[{"href":"https:\/\/autoazulplusca.com\/puertoordaz\/wp-json\/wp\/v2\/product"}],"about":[{"href":"https:\/\/autoazulplusca.com\/puertoordaz\/wp-json\/wp\/v2\/types\/product"}],"wp:featuredmedia":[{"embeddable":true,"href":"https:\/\/autoazulplusca.com\/puertoordaz\/wp-json\/wp\/v2\/media\/106674"}],"wp:attachment":[{"href":"https:\/\/autoazulplusca.com\/puertoordaz\/wp-json\/wp\/v2\/media?parent=16608"}],"wp:term":[{"taxonomy":"product_cat","embeddable":true,"href":"https:\/\/autoazulplusca.com\/puertoordaz\/wp-json\/wp\/v2\/product_cat?post=16608"},{"taxonomy":"product_tag","embeddable":true,"href":"https:\/\/autoazulplusca.com\/puertoordaz\/wp-json\/wp\/v2\/product_tag?post=16608"}],"curies":[{"name":"wp","href":"https:\/\/api.w.org\/{rel}","templated":true}]}}