{"id":17687,"date":"2024-06-24T11:41:20","date_gmt":"2024-06-24T15:41:20","guid":{"rendered":"https:\/\/autoazulplusca.com\/puertoordaz\/?post_type=product&#038;p=17687"},"modified":"2025-10-24T17:30:14","modified_gmt":"2025-10-24T21:30:14","slug":"sensor-posicion-ciguenal-mitsubishi-cs3-glx-1-6-daimoku","status":"publish","type":"product","link":"https:\/\/autoazulplusca.com\/puertoordaz\/product\/sensor-posicion-ciguenal-mitsubishi-cs3-glx-1-6-daimoku\/","title":{"rendered":"SENSOR POSICION CIGUE\u00d1AL MITSUBISHI CS3 GLX 1.6 DAIMOKU"},"content":{"rendered":"<p>SENSOR POSICION CIG\u00dcE\u00d1AL MITSUBISHI CS3 GLX 1.6 DAIMOKU<\/p>\n<p>COD 9105039<\/p>\n<p>9-105-039<\/p>\n<p>MR420734<\/p>\n","protected":false},"excerpt":{"rendered":"<p>SENSOR POSICION CIG\u00dcE\u00d1AL MITSUBISHI CS3 GLX 1.6 DAIMOKU<\/p>\n<p>COD 9105039<\/p>\n<p>9-105-039<\/p>\n<p>MR420734<\/p>\n","protected":false},"featured_media":0,"template":"","meta":[],"product_cat":[356,421],"product_tag":[227],"class_list":{"0":"post-17687","1":"product","2":"type-product","3":"status-publish","5":"product_brand-daimoku","6":"product_cat-carro","7":"product_cat-partes-electricas-carro","8":"product_tag-sensor-ciguenal","10":"first","11":"outofstock","12":"taxable","13":"shipping-taxable","14":"purchasable","15":"product-type-simple"},"jetpack_sharing_enabled":true,"_links":{"self":[{"href":"https:\/\/autoazulplusca.com\/puertoordaz\/wp-json\/wp\/v2\/product\/17687","targetHints":{"allow":["GET"]}}],"collection":[{"href":"https:\/\/autoazulplusca.com\/puertoordaz\/wp-json\/wp\/v2\/product"}],"about":[{"href":"https:\/\/autoazulplusca.com\/puertoordaz\/wp-json\/wp\/v2\/types\/product"}],"wp:attachment":[{"href":"https:\/\/autoazulplusca.com\/puertoordaz\/wp-json\/wp\/v2\/media?parent=17687"}],"wp:term":[{"taxonomy":"product_cat","embeddable":true,"href":"https:\/\/autoazulplusca.com\/puertoordaz\/wp-json\/wp\/v2\/product_cat?post=17687"},{"taxonomy":"product_tag","embeddable":true,"href":"https:\/\/autoazulplusca.com\/puertoordaz\/wp-json\/wp\/v2\/product_tag?post=17687"}],"curies":[{"name":"wp","href":"https:\/\/api.w.org\/{rel}","templated":true}]}}