{"id":17958,"date":"2024-06-26T09:49:38","date_gmt":"2024-06-26T13:49:38","guid":{"rendered":"https:\/\/autoazulplusca.com\/puertoordaz\/?post_type=product&#038;p=17958"},"modified":"2025-05-24T16:27:26","modified_gmt":"2025-05-24T20:27:26","slug":"sensor-de-posicion-de-ciguenal-ford-laser-mazda-allegro-daimoku","status":"publish","type":"product","link":"https:\/\/autoazulplusca.com\/puertoordaz\/product\/sensor-de-posicion-de-ciguenal-ford-laser-mazda-allegro-daimoku\/","title":{"rendered":"SENSOR DE POSICION DE CIG\u00dcE\u00d1AL FORD LASER MAZDA ALLEGRO DAIMOKU"},"content":{"rendered":"<p>SENSOR DE POSICION DE CIG\u00dcE\u00d1AL FORD LASER MAZDA ALLEGRO DAIMOKU<\/p>\n<p>J5T27072<\/p>\n<p>9-105-087<\/p>\n<p>COD. 9105087<\/p>\n","protected":false},"excerpt":{"rendered":"<p>SENSOR DE POSICION DE CIG\u00dcE\u00d1AL FORD LASER MAZDA ALLEGRO DAIMOKU<\/p>\n<p>J5T27072<\/p>\n<p>9-105-087<\/p>\n<p>COD. 9105087<\/p>\n","protected":false},"featured_media":0,"template":"","meta":[],"product_cat":[356,421],"product_tag":[887],"class_list":{"0":"post-17958","1":"product","2":"type-product","3":"status-publish","5":"product_brand-daimoku","6":"product_cat-carro","7":"product_cat-partes-electricas-carro","8":"product_tag-sensor-de-posicion-de-ciguenal","10":"first","11":"outofstock","12":"taxable","13":"shipping-taxable","14":"purchasable","15":"product-type-simple"},"jetpack_sharing_enabled":true,"_links":{"self":[{"href":"https:\/\/autoazulplusca.com\/puertoordaz\/wp-json\/wp\/v2\/product\/17958","targetHints":{"allow":["GET"]}}],"collection":[{"href":"https:\/\/autoazulplusca.com\/puertoordaz\/wp-json\/wp\/v2\/product"}],"about":[{"href":"https:\/\/autoazulplusca.com\/puertoordaz\/wp-json\/wp\/v2\/types\/product"}],"wp:attachment":[{"href":"https:\/\/autoazulplusca.com\/puertoordaz\/wp-json\/wp\/v2\/media?parent=17958"}],"wp:term":[{"taxonomy":"product_cat","embeddable":true,"href":"https:\/\/autoazulplusca.com\/puertoordaz\/wp-json\/wp\/v2\/product_cat?post=17958"},{"taxonomy":"product_tag","embeddable":true,"href":"https:\/\/autoazulplusca.com\/puertoordaz\/wp-json\/wp\/v2\/product_tag?post=17958"}],"curies":[{"name":"wp","href":"https:\/\/api.w.org\/{rel}","templated":true}]}}