{"id":18624,"date":"2024-06-29T16:36:39","date_gmt":"2024-06-29T20:36:39","guid":{"rendered":"https:\/\/autoazulplusca.com\/puertoordaz\/?post_type=product&#038;p=18624"},"modified":"2025-10-23T17:34:34","modified_gmt":"2025-10-23T21:34:34","slug":"sensor-posicion-de-ciguenal-hyundai-h1-mhw","status":"publish","type":"product","link":"https:\/\/autoazulplusca.com\/puertoordaz\/product\/sensor-posicion-de-ciguenal-hyundai-h1-mhw\/","title":{"rendered":"SENSOR POSICION DE CIG\u00dcE\u00d1AL HYUNDAI H1 MHW"},"content":{"rendered":"<p>SENSOR POSICION DE CIG\u00dcE\u00d1AL HYUNDAI H1 MHW<\/p>\n<p>CH-39310-38060<\/p>\n<p>COD. 38060<\/p>\n","protected":false},"excerpt":{"rendered":"<p>SENSOR POSICION DE CIG\u00dcE\u00d1AL HYUNDAI H1 MHW<\/p>\n<p>CH-39310-38060<\/p>\n<p>COD. 38060<\/p>\n","protected":false},"featured_media":0,"template":"","meta":[],"product_cat":[356,421],"product_tag":[889],"class_list":{"0":"post-18624","1":"product","2":"type-product","3":"status-publish","5":"product_brand-mhw","6":"product_cat-carro","7":"product_cat-partes-electricas-carro","8":"product_tag-sensor-posicion-ciguenal","10":"first","11":"instock","12":"taxable","13":"shipping-taxable","14":"purchasable","15":"product-type-simple"},"jetpack_sharing_enabled":true,"_links":{"self":[{"href":"https:\/\/autoazulplusca.com\/puertoordaz\/wp-json\/wp\/v2\/product\/18624","targetHints":{"allow":["GET"]}}],"collection":[{"href":"https:\/\/autoazulplusca.com\/puertoordaz\/wp-json\/wp\/v2\/product"}],"about":[{"href":"https:\/\/autoazulplusca.com\/puertoordaz\/wp-json\/wp\/v2\/types\/product"}],"wp:attachment":[{"href":"https:\/\/autoazulplusca.com\/puertoordaz\/wp-json\/wp\/v2\/media?parent=18624"}],"wp:term":[{"taxonomy":"product_cat","embeddable":true,"href":"https:\/\/autoazulplusca.com\/puertoordaz\/wp-json\/wp\/v2\/product_cat?post=18624"},{"taxonomy":"product_tag","embeddable":true,"href":"https:\/\/autoazulplusca.com\/puertoordaz\/wp-json\/wp\/v2\/product_tag?post=18624"}],"curies":[{"name":"wp","href":"https:\/\/api.w.org\/{rel}","templated":true}]}}