{"id":18897,"date":"2024-07-02T11:16:37","date_gmt":"2024-07-02T15:16:37","guid":{"rendered":"https:\/\/autoazulplusca.com\/puertoordaz\/?post_type=product&#038;p=18897"},"modified":"2025-10-22T17:34:21","modified_gmt":"2025-10-22T21:34:21","slug":"sensor-posicion-arbol-de-levas-chevrolet-cruze-admision-gm","status":"publish","type":"product","link":"https:\/\/autoazulplusca.com\/puertoordaz\/product\/sensor-posicion-arbol-de-levas-chevrolet-cruze-admision-gm\/","title":{"rendered":"SENSOR POSICI\u00d3N \u00c1RBOL DE LEVAS CHEVROLET CRUZE (ADMISI\u00d3N) GM"},"content":{"rendered":"<p>SENSOR POSICI\u00d3N \u00c1RBOL DE LEVAS CHEVROLET CRUZE (ADMISI\u00d3N) GM<\/p>\n<p>COD 55565708<\/p>\n","protected":false},"excerpt":{"rendered":"<p>SENSOR POSICI\u00d3N \u00c1RBOL DE LEVAS CHEVROLET CRUZE (ADMISI\u00d3N) GM<\/p>\n<p>COD 55565708<\/p>\n","protected":false},"featured_media":0,"template":"","meta":[],"product_cat":[356,421],"product_tag":[271],"class_list":{"0":"post-18897","1":"product","2":"type-product","3":"status-publish","5":"product_brand-gm","6":"product_cat-carro","7":"product_cat-partes-electricas-carro","8":"product_tag-sensor","10":"first","11":"instock","12":"taxable","13":"shipping-taxable","14":"purchasable","15":"product-type-simple"},"jetpack_sharing_enabled":true,"_links":{"self":[{"href":"https:\/\/autoazulplusca.com\/puertoordaz\/wp-json\/wp\/v2\/product\/18897","targetHints":{"allow":["GET"]}}],"collection":[{"href":"https:\/\/autoazulplusca.com\/puertoordaz\/wp-json\/wp\/v2\/product"}],"about":[{"href":"https:\/\/autoazulplusca.com\/puertoordaz\/wp-json\/wp\/v2\/types\/product"}],"wp:attachment":[{"href":"https:\/\/autoazulplusca.com\/puertoordaz\/wp-json\/wp\/v2\/media?parent=18897"}],"wp:term":[{"taxonomy":"product_cat","embeddable":true,"href":"https:\/\/autoazulplusca.com\/puertoordaz\/wp-json\/wp\/v2\/product_cat?post=18897"},{"taxonomy":"product_tag","embeddable":true,"href":"https:\/\/autoazulplusca.com\/puertoordaz\/wp-json\/wp\/v2\/product_tag?post=18897"}],"curies":[{"name":"wp","href":"https:\/\/api.w.org\/{rel}","templated":true}]}}