{"id":19867,"date":"2024-07-08T15:50:59","date_gmt":"2024-07-08T19:50:59","guid":{"rendered":"https:\/\/autoazulplusca.com\/puertoordaz\/?post_type=product&#038;p=19867"},"modified":"2025-10-22T16:16:22","modified_gmt":"2025-10-22T20:16:22","slug":"sensor-posicion-de-ciguenal-toyota-meru-hilux-mhw","status":"publish","type":"product","link":"https:\/\/autoazulplusca.com\/puertoordaz\/product\/sensor-posicion-de-ciguenal-toyota-meru-hilux-mhw\/","title":{"rendered":"SENSOR POSICION DE CIG\u00dcE\u00d1AL TOYOTA MERU, HILUX MHW"},"content":{"rendered":"<p>SENSOR POSICION DE CIG\u00dcE\u00d1AL TOYOTA MERU, HILUX MHW<\/p>\n<p>COD 9091905016<\/p>\n<p>CH-90919-05016<\/p>\n","protected":false},"excerpt":{"rendered":"<p>SENSOR POSICION DE CIG\u00dcE\u00d1AL TOYOTA MERU, HILUX MHW<\/p>\n<p>COD 9091905016<\/p>\n<p>CH-90919-05016<\/p>\n","protected":false},"featured_media":0,"template":"","meta":[],"product_cat":[356],"product_tag":[271],"class_list":{"0":"post-19867","1":"product","2":"type-product","3":"status-publish","5":"product_brand-mhw","6":"product_cat-carro","7":"product_tag-sensor","9":"first","10":"instock","11":"taxable","12":"shipping-taxable","13":"purchasable","14":"product-type-simple"},"jetpack_sharing_enabled":true,"_links":{"self":[{"href":"https:\/\/autoazulplusca.com\/puertoordaz\/wp-json\/wp\/v2\/product\/19867","targetHints":{"allow":["GET"]}}],"collection":[{"href":"https:\/\/autoazulplusca.com\/puertoordaz\/wp-json\/wp\/v2\/product"}],"about":[{"href":"https:\/\/autoazulplusca.com\/puertoordaz\/wp-json\/wp\/v2\/types\/product"}],"wp:attachment":[{"href":"https:\/\/autoazulplusca.com\/puertoordaz\/wp-json\/wp\/v2\/media?parent=19867"}],"wp:term":[{"taxonomy":"product_cat","embeddable":true,"href":"https:\/\/autoazulplusca.com\/puertoordaz\/wp-json\/wp\/v2\/product_cat?post=19867"},{"taxonomy":"product_tag","embeddable":true,"href":"https:\/\/autoazulplusca.com\/puertoordaz\/wp-json\/wp\/v2\/product_tag?post=19867"}],"curies":[{"name":"wp","href":"https:\/\/api.w.org\/{rel}","templated":true}]}}