{"id":21010,"date":"2024-07-13T14:17:51","date_gmt":"2024-07-13T18:17:51","guid":{"rendered":"https:\/\/autoazulplusca.com\/puertoordaz\/?post_type=product&#038;p=21010"},"modified":"2025-07-16T15:29:27","modified_gmt":"2025-07-16T19:29:27","slug":"cables-de-bujia-orinoco-a3-silicon-reforzado-chery","status":"publish","type":"product","link":"https:\/\/autoazulplusca.com\/puertoordaz\/product\/cables-de-bujia-orinoco-a3-silicon-reforzado-chery\/","title":{"rendered":"CABLES DE BUJ\u00cdA ORINOCO A3 (SILIC\u00d3N REFORZADO) CMP"},"content":{"rendered":"<p>CABLES DE BUJ\u00cdA ORINOCO A3 (SILIC\u00d3N REFORZADO) CMP<\/p>\n<p>COD 37071<\/p>\n<p>CMP-A11-3707130HA<\/p>\n","protected":false},"excerpt":{"rendered":"<p>CABLES DE BUJ\u00cdA ORINOCO A3 (SILIC\u00d3N REFORZADO) CMP<\/p>\n<p>COD 37071<\/p>\n<p>CMP-A11-3707130HA<\/p>\n","protected":false},"featured_media":0,"template":"","meta":[],"product_cat":[356],"product_tag":[465],"class_list":{"0":"post-21010","1":"product","2":"type-product","3":"status-publish","5":"product_brand-cmp","6":"product_cat-carro","7":"product_tag-cables-de-bujia","9":"first","10":"outofstock","11":"taxable","12":"shipping-taxable","13":"purchasable","14":"product-type-simple"},"jetpack_sharing_enabled":true,"_links":{"self":[{"href":"https:\/\/autoazulplusca.com\/puertoordaz\/wp-json\/wp\/v2\/product\/21010","targetHints":{"allow":["GET"]}}],"collection":[{"href":"https:\/\/autoazulplusca.com\/puertoordaz\/wp-json\/wp\/v2\/product"}],"about":[{"href":"https:\/\/autoazulplusca.com\/puertoordaz\/wp-json\/wp\/v2\/types\/product"}],"wp:attachment":[{"href":"https:\/\/autoazulplusca.com\/puertoordaz\/wp-json\/wp\/v2\/media?parent=21010"}],"wp:term":[{"taxonomy":"product_cat","embeddable":true,"href":"https:\/\/autoazulplusca.com\/puertoordaz\/wp-json\/wp\/v2\/product_cat?post=21010"},{"taxonomy":"product_tag","embeddable":true,"href":"https:\/\/autoazulplusca.com\/puertoordaz\/wp-json\/wp\/v2\/product_tag?post=21010"}],"curies":[{"name":"wp","href":"https:\/\/api.w.org\/{rel}","templated":true}]}}